{"id":5115,"date":"2023-10-26T15:49:18","date_gmt":"2023-10-26T15:49:18","guid":{"rendered":"https:\/\/sportball.com\/privacy-policy\/"},"modified":"2024-09-25T17:42:16","modified_gmt":"2024-09-25T17:42:16","slug":"politique-de-confidentialite","status":"publish","type":"page","link":"https:\/\/sportball.com\/fr\/politique-de-confidentialite\/","title":{"rendered":"Politique de confidentialit\u00e9"},"content":{"rendered":"\n<p><strong>D\u00e9claration de Confidentialit\u00e9 de Sportball<\/strong><\/p>\n\n\n\n<p>Cette d\u00e9claration a pour but d&rsquo;informer nos clients et autres individus sur la mani\u00e8re dont Sportball Systems Inc., Sportball Systems USA, LLC et ses franchis\u00e9s (collectivement d\u00e9sign\u00e9s par \u00ab\u00a0Sportball\u00a0\u00bb ou \u00ab\u00a0nous\u00a0\u00bb) g\u00e8rent, collectent, utilisent, divulguent et prot\u00e8gent vos informations personnelles afin de respecter les principes et exigences de confidentialit\u00e9 applicables en mati\u00e8re d&rsquo;informations personnelles selon la l\u00e9gislation en vigueur. Les informations personnelles concernent des individus identifiables, tel que plus particuli\u00e8rement d\u00e9crit dans la l\u00e9gislation applicable en mati\u00e8re de confidentialit\u00e9. Cette d\u00e9claration ne s&rsquo;applique pas aux informations concernant nos employ\u00e9s ni aux informations qui ne sont pas des informations personnelles.<\/p>\n\n\n\n<p><strong>Informations Personnelles que Nous Collectons<\/strong><\/p>\n\n\n\n<p>Sportball et ses agents collectent des informations personnelles dans de nombreuses circonstances lors de la fourniture de sports et autres programmes aux enfants. Les informations personnelles que nous collectons incluent:<\/p>\n\n\n\n<ul class=\"wp-block-list\">\n<li>nom, adresse, num\u00e9ro de t\u00e9l\u00e9phone et autres coordonn\u00e9es des parents et\/ou tuteurs;<\/li>\n\n\n\n<li>nom, genre, date de naissance et toute information m\u00e9dicale pertinente concernant les enfants inscrits dans les programmes;<\/li>\n\n\n\n<li>historique des transactions, des inscriptions et des achats;<\/li>\n\n\n\n<li>ainsi que d&rsquo;autres informations que nous pouvons collecter avec votre consentement ou tel que permis ou requis par la loi.<\/li>\n<\/ul>\n\n\n\n<p><strong>Utilisation des Informations Personnelles<\/strong><\/p>\n\n\n\n<p>Sportball utilise g\u00e9n\u00e9ralement les informations personnelles aux fins suivantes :<\/p>\n\n\n\n<ul class=\"wp-block-list\">\n<li>pour communiquer avec vous concernant l&rsquo;inscription de votre enfant \u00e0 un programme Sportball, placer votre enfant dans une classe adapt\u00e9e \u00e0 son d\u00e9veloppement et informer l&rsquo;entra\u00eeneur et l&rsquo;administrateur de votre enfant de toute pr\u00e9occupation m\u00e9dicale;<\/li>\n\n\n\n<li>pour communiquer avec vous si nous avons des informations nouvelles susceptibles de vous int\u00e9resser concernant de nouveaux programmes ou les horaires des programmes pour les saisons futures, sauf si vous refusez de recevoir ces informations et pour compiler des analyses statistiques concernant les tendances commerciales;<\/li>\n\n\n\n<li>gestion et administration des transactions financi\u00e8res;<\/li>\n\n\n\n<li>conservation des archives commerciales pour des p\u00e9riodes raisonnables, et gestion g\u00e9n\u00e9rale et administration de notre activit\u00e9;<\/li>\n\n\n\n<li>respect des exigences l\u00e9gales, r\u00e9glementaires, d&rsquo;assurance, de s\u00e9curit\u00e9 et de traitement ; et autrement avec consentement ou tel que permis ou requis par la loi.<\/li>\n<\/ul>\n\n\n\n<p><strong>Divulgation de Vos Informations Personnelles<\/strong><\/p>\n\n\n\n<p>Sportball divulgue des informations personnelles dans les circonstances suivantes :<\/p>\n\n\n\n<ul class=\"wp-block-list\">\n<li>\u00e0 un franchis\u00e9 de Sportball, qui g\u00e8re l&rsquo;activit\u00e9 de Sportball dans une zone sp\u00e9cifique o\u00f9 votre enfant est inscrit; et<\/li>\n\n\n\n<li>\u00e0 nos filiales pour des audits internes, gestion, facturation ou \u00e0 des fins administratives y compris pour d\u00e9fendre et intenter des actions l\u00e9gales.<\/li>\n<\/ul>\n\n\n\n<p><strong>Prestataires de Services<\/strong>: Nous pouvons transf\u00e9rer des informations personnelles \u00e0 des agents ou prestataires de services externes (y compris nos filiales agissant dans cette capacit\u00e9) (\u00ab\u00a0prestataires de services\u00a0\u00bb) qui effectuent des services en notre nom, par exemple des services de courrier, de facturation, de marketing, de technologie de l&rsquo;information et\/ou d&rsquo;h\u00e9bergement ou de traitement des donn\u00e9es ou des services similaires, ou autrement collecter, utiliser, divulguer, stocker ou traiter des informations personnelles en notre nom pour les fins d\u00e9crites dans ce Code de Confidentialit\u00e9. Certains de ces prestataires de services peuvent \u00eatre situ\u00e9s hors du Canada, y compris aux \u00c9tats-Unis et vos informations personnelles peuvent \u00eatre collect\u00e9es, utilis\u00e9es, divulgu\u00e9es, stock\u00e9es et trait\u00e9es aux \u00c9tats-Unis ou ailleurs hors du Canada pour les fins d\u00e9crites dans cette Politique de Confidentialit\u00e9. Nous prenons des mesures contractuelles ou autres raisonnables pour prot\u00e9ger vos informations personnelles lorsqu&rsquo;elles sont trait\u00e9es ou g\u00e9r\u00e9es par ces prestataires de services.<\/p>\n\n\n\n<p><strong>Transactions Commerciales<\/strong>: Les informations personnelles peuvent \u00eatre utilis\u00e9es par Sportball et divulgu\u00e9es \u00e0 des parties connect\u00e9es avec le financement propos\u00e9 ou r\u00e9el, la titrisation, l&rsquo;assurance, la vente, l&rsquo;attribution ou autre disposition de tout ou partie de Sportball ou de notre entreprise ou actifs, aux fins d&rsquo;\u00e9valuer et\/ou d&rsquo;effectuer la transaction propos\u00e9e. Ces fins peuvent inclure, \u00e0 titre d&rsquo;exemples :<\/p>\n\n\n\n<ul class=\"wp-block-list\">\n<li>permettre \u00e0 ces parties de d\u00e9cider de proc\u00e9der ou de continuer avec la transaction;<\/li>\n\n\n\n<li>satisfaire aux exigences de rapport, d&rsquo;inspection ou d&rsquo;audit ou aux obligations envers ces partie.<\/li>\n<\/ul>\n\n\n\n<p>Les cessionnaires ou successeurs de Sportball ou de notre entreprise ou actifs peuvent utiliser et divulguer vos informations personnelles \u00e0 des fins similaires \u00e0 celles d\u00e9crites dans cette D\u00e9claration de Confidentialit\u00e9.<\/p>\n\n\n\n<p><strong>L\u00e9gal, R\u00e9glementaire, etc:<\/strong> Sportball peut divulguer vos informations personnelles selon ce qui est n\u00e9cessaire pour r\u00e9pondre aux exigences l\u00e9gales, r\u00e9glementaires, d&rsquo;assurance, d&rsquo;audit et de s\u00e9curit\u00e9, ainsi qu&rsquo;autrement avec votre consentement ou tel que permis ou requis par la loi.<\/p>\n\n\n\n<p><strong>Notre Site Web<\/strong><\/p>\n\n\n\n<p>Sportball exploite un site web qui fournit des informations sur Sportball et les programmes offerts par Sportball et les franchis\u00e9s de Sportball. Le site web de Sportball peut rediriger l&rsquo;utilisateur vers une plateforme d&rsquo;inscription tierce sous contrat ou d&rsquo;autres sites web externes pour permettre aux utilisateurs de s&rsquo;inscrire et de soumettre des paiements en ligne pour les programmes Sportball. Les utilisateurs peuvent \u00eatre invit\u00e9s \u00e0 fournir des informations personnelles lors du processus d&rsquo;inscription.<\/p>\n\n\n\n<p>Ce site web installe ses propres cookies et ceux de tiers pour suivre des informations non identifiables. Certaines informations non identifiables sont conserv\u00e9es en installant un cookie sur l&rsquo;ordinateur de l&rsquo;utilisateur, qui peut \u00eatre utilis\u00e9 pour se souvenir de choses telles que les pr\u00e9f\u00e9rences ou les param\u00e8tres de l&rsquo;utilisateur, comme les param\u00e8tres de localisation de Sportball, pour simplifier votre exp\u00e9rience lors de visites futures. Les cookies tiers seront li\u00e9s \u00e0 Google Analytics, qui est utilis\u00e9 par Sportball pour suivre et analyser l&rsquo;activit\u00e9 g\u00e9n\u00e9rale li\u00e9e au trafic web et au comportement des utilisateurs sur Sportball.ca.<\/p>\n\n\n\n<p>Le site web de Sportball contient des liens vers d&rsquo;autres sites. Les politiques de s\u00e9curit\u00e9 et de confidentialit\u00e9 des sites li\u00e9s n&rsquo;ont pas \u00e9t\u00e9 v\u00e9rifi\u00e9es par Sportball et doivent \u00eatre examin\u00e9es ind\u00e9pendamment.<\/p>\n\n\n\n<p><strong>Votre Consentement<\/strong><\/p>\n\n\n\n<p>Le consentement \u00e0 la collecte, \u00e0 l&rsquo;utilisation et \u00e0 la divulgation d&rsquo;informations personnelles peut \u00eatre donn\u00e9 de diverses mani\u00e8res. Le consentement peut \u00eatre explicite (par exemple, oralement, \u00e9lectroniquement ou sur un formulaire que vous pouvez signer d\u00e9crivant les utilisations et divulgations pr\u00e9vues des informations personnelles) ou implicite (par exemple, lorsque vous fournissez des informations n\u00e9cessaires pour un service que vous avez demand\u00e9). Vous pouvez donner votre consentement dans certaines circonstances o\u00f9 un avis vous a \u00e9t\u00e9 fourni concernant nos intentions \u00e0 l&rsquo;\u00e9gard de vos informations personnelles et vous n&rsquo;avez pas retir\u00e9 votre consentement \u00e0 une fin identifi\u00e9e, par exemple en utilisant une option de \u00ab d\u00e9sinscription \u00bb fournie, le cas \u00e9ch\u00e9ant. Le consentement peut \u00eatre donn\u00e9 par votre repr\u00e9sentant autoris\u00e9 (tel qu&rsquo;un tuteur l\u00e9gal ou une personne ayant une procuration). G\u00e9n\u00e9ralement, en nous fournissant des informations personnelles, nous supposerons que vous consentez \u00e0 notre collecte, utilisation et divulgation de ces informations aux fins identifi\u00e9es ou d\u00e9crites dans cette d\u00e9claration de confidentialit\u00e9, le cas \u00e9ch\u00e9ant, ou autrement au moment de la collecte.<\/p>\n\n\n\n<p>Vous pouvez retirer votre consentement \u00e0 notre collecte, utilisation et divulgation d&rsquo;informations personnelles \u00e0 tout moment, sous r\u00e9serve de restrictions contractuelles et l\u00e9gales et d&rsquo;un pr\u00e9avis raisonnable. Notez que si vous retirez votre consentement \u00e0 certaines utilisations de vos informations personnelles, nous pourrions ne plus \u00eatre en mesure de fournir certains produits ou services. Notez \u00e9galement que l\u00e0 o\u00f9 nous avons fourni ou fournissons des services, votre consentement sera valide aussi longtemps que n\u00e9cessaire pour remplir les fins d\u00e9crites dans cette D\u00e9claration de Confidentialit\u00e9 ou autrement au moment de la collecte, et vous ne pourrez peut-\u00eatre pas retirer le consentement \u00e0 certaines utilisations et divulgations n\u00e9cessaires (par exemple, mais sans s&rsquo;y limiter, le maintien de dossiers commerciaux et de transactions raisonnables et les divulgations aux entit\u00e9s gouvernementales canadiennes et \u00e9trang\u00e8res telles que requis par les lois).<\/p>\n\n\n\n<p>Sportball collecte, utilise et divulgue vos informations personnelles avec votre consentement, sauf tel que permis ou requis par la loi. Nous pouvons \u00eatre tenus ou autoris\u00e9s en vertu d&rsquo;une loi ou d&rsquo;un r\u00e8glement \u00e0 collecter, utiliser ou divulguer des informations personnelles sans votre consentement, par exemple pour se conformer \u00e0 une ordonnance judiciaire, pour se conformer \u00e0 des r\u00e8glements locaux ou f\u00e9d\u00e9raux ou \u00e0 une enqu\u00eate l\u00e9galement autoris\u00e9e par une agence gouvernementale, ou pour recouvrer une dette qui nous est due.<\/p>\n\n\n\n<p><strong><strong>S\u00e9curit\u00e9<\/strong><\/strong><\/p>\n\n\n\n<p>Nous prenons des mesures raisonnables pour prot\u00e9ger vos informations personnelles en utilisant des mesures de s\u00e9curit\u00e9 physiques, \u00e9lectroniques ou proc\u00e9durales appropri\u00e9es \u00e0 la sensibilit\u00e9 des informations en notre possession ou sous notre contr\u00f4le, ce qui peut inclure des sauvegardes pour prot\u00e9ger contre la perte ou le vol, ainsi que l&rsquo;acc\u00e8s, la divulgation, la copie, l&rsquo;utilisation ou la modification non autoris\u00e9s. Les employ\u00e9s autoris\u00e9s, agents et mandataires de Sportball qui ont besoin d&rsquo;acc\u00e9der \u00e0 vos informations personnelles afin de remplir leurs fonctions professionnelles auront acc\u00e8s \u00e0 vos informations personnelles.<\/p>\n\n\n\n<p><strong>Acc\u00e8s, Correction et Nous Contacter<\/strong><\/p>\n\n\n\n<p>Si vous souhaitez demander l&rsquo;acc\u00e8s ou la correction de vos informations personnelles sous notre garde ou contr\u00f4le, vous pouvez \u00e9crire \u00e0 <a>privacy@sportball.ca<\/a>. Votre droit d&rsquo;acc\u00e8s ou de correction de vos informations personnelles est soumis \u00e0 des restrictions l\u00e9gales applicables. Nous pouvons prendre des mesures raisonnables pour v\u00e9rifier votre identit\u00e9 avant de vous accorder l&rsquo;acc\u00e8s ou de proc\u00e9der aux corrections.<\/p>\n\n\n\n<p><strong>Changements \u00e0 la D\u00e9claration de Confidentialit\u00e9<\/strong><\/p>\n\n\n\n<p>Cette D\u00e9claration de Confidentialit\u00e9 peut \u00eatre r\u00e9vis\u00e9e de temps \u00e0 autre. Si nous avons l&rsquo;intention d&rsquo;utiliser ou de divulguer des Informations Personnelles \u00e0 des fins sensiblement diff\u00e9rentes de celles d\u00e9crites dans cette d\u00e9claration, nous ferons des efforts raisonnables pour en informer les personnes concern\u00e9es, si n\u00e9cessaire, y compris en r\u00e9visant cette D\u00e9claration de Confidentialit\u00e9. Si vous \u00eates pr\u00e9occup\u00e9 par l&rsquo;utilisation de vos informations personnelles, vous devriez nous contacter comme d\u00e9crit ci-dessus pour obtenir une copie actuelle de cette d\u00e9claration. Nous vous encourageons \u00e0 demander et \u00e0 examiner fr\u00e9quemment cette D\u00e9claration de Confidentialit\u00e9 pour obtenir la version actuelle. Votre fourniture continue d&rsquo;Informations Personnelles ou l&rsquo;utilisation de nos services suite \u00e0 des modifications apport\u00e9es \u00e0 cette D\u00e9claration de Confidentialit\u00e9 constitue votre acceptation de ces changements. Cette d\u00e9claration de confidentialit\u00e9 est effective \u00e0 partir de f\u00e9vrier 2024.<\/p>\n","protected":false},"excerpt":{"rendered":"<p>D\u00e9claration de Confidentialit\u00e9 de Sportball Cette d\u00e9claration a pour but d&rsquo;informer nos clients et autres individus sur la mani\u00e8re dont Sportball Systems Inc., Sportball Systems USA, LLC et ses franchis\u00e9s (collectivement d\u00e9sign\u00e9s par \u00ab\u00a0Sportball\u00a0\u00bb ou \u00ab\u00a0nous\u00a0\u00bb) g\u00e8rent, collectent, utilisent, divulguent et prot\u00e8gent vos informations personnelles afin de respecter les principes et exigences de confidentialit\u00e9 applicables [&hellip;]<\/p>\n","protected":false},"author":1,"featured_media":0,"parent":0,"menu_order":0,"comment_status":"closed","ping_status":"closed","template":"","meta":{"_acf_changed":false,"site-sidebar-layout":"default","site-content-layout":"","ast-site-content-layout":"default","site-content-style":"default","site-sidebar-style":"default","ast-global-header-display":"","ast-banner-title-visibility":"","ast-main-header-display":"","ast-hfb-above-header-display":"","ast-hfb-below-header-display":"","ast-hfb-mobile-header-display":"","site-post-title":"","ast-breadcrumbs-content":"","ast-featured-img":"","footer-sml-layout":"","theme-transparent-header-meta":"","adv-header-id-meta":"","stick-header-meta":"","header-above-stick-meta":"","header-main-stick-meta":"","header-below-stick-meta":"","astra-migrate-meta-layouts":"default","ast-page-background-enabled":"default","ast-page-background-meta":{"desktop":{"background-color":"var(--ast-global-color-4)","background-image":"","background-repeat":"repeat","background-position":"center center","background-size":"auto","background-attachment":"scroll","background-type":"","background-media":"","overlay-type":"","overlay-color":"","overlay-opacity":"","overlay-gradient":""},"tablet":{"background-color":"","background-image":"","background-repeat":"repeat","background-position":"center center","background-size":"auto","background-attachment":"scroll","background-type":"","background-media":"","overlay-type":"","overlay-color":"","overlay-opacity":"","overlay-gradient":""},"mobile":{"background-color":"","background-image":"","background-repeat":"repeat","background-position":"center center","background-size":"auto","background-attachment":"scroll","background-type":"","background-media":"","overlay-type":"","overlay-color":"","overlay-opacity":"","overlay-gradient":""}},"ast-content-background-meta":{"desktop":{"background-color":"var(--ast-global-color-5)","background-image":"","background-repeat":"repeat","background-position":"center center","background-size":"auto","background-attachment":"scroll","background-type":"","background-media":"","overlay-type":"","overlay-color":"","overlay-opacity":"","overlay-gradient":""},"tablet":{"background-color":"var(--ast-global-color-5)","background-image":"","background-repeat":"repeat","background-position":"center center","background-size":"auto","background-attachment":"scroll","background-type":"","background-media":"","overlay-type":"","overlay-color":"","overlay-opacity":"","overlay-gradient":""},"mobile":{"background-color":"var(--ast-global-color-5)","background-image":"","background-repeat":"repeat","background-position":"center center","background-size":"auto","background-attachment":"scroll","background-type":"","background-media":"","overlay-type":"","overlay-color":"","overlay-opacity":"","overlay-gradient":""}},"footnotes":""},"class_list":["post-5115","page","type-page","status-publish","hentry"],"acf":[],"yoast_head":"<!-- This site is optimized with the Yoast SEO Premium plugin v26.0 (Yoast SEO v26.0) - https:\/\/yoast.com\/wordpress\/plugins\/seo\/ -->\n<title>Politique de confidentialit\u00e9 - Sportball<\/title>\n<meta name=\"description\" content=\"D\u00e9couvrez comment Sportball Systems Inc. et ses franchis\u00e9s prot\u00e8gent vos renseignements personnels gr\u00e2ce \u00e0 sa politique de confidentialit\u00e9.\" \/>\n<meta name=\"robots\" content=\"index, follow, max-snippet:-1, max-image-preview:large, max-video-preview:-1\" \/>\n<link rel=\"canonical\" href=\"https:\/\/sportball.com\/fr\/politique-de-confidentialite\/\" \/>\n<meta property=\"og:locale\" content=\"fr_FR\" \/>\n<meta property=\"og:type\" content=\"article\" \/>\n<meta property=\"og:title\" content=\"Politique de confidentialit\u00e9\" \/>\n<meta property=\"og:description\" content=\"D\u00e9couvrez comment Sportball Systems Inc. et ses franchis\u00e9s prot\u00e8gent vos renseignements personnels gr\u00e2ce \u00e0 sa politique de confidentialit\u00e9.\" \/>\n<meta property=\"og:url\" content=\"https:\/\/sportball.com\/fr\/politique-de-confidentialite\/\" \/>\n<meta property=\"og:site_name\" content=\"Sportball\" \/>\n<meta property=\"article:modified_time\" content=\"2024-09-25T17:42:16+00:00\" \/>\n<meta name=\"twitter:card\" content=\"summary_large_image\" \/>\n<meta name=\"twitter:label1\" content=\"Dur\u00e9e de lecture estim\u00e9e\" \/>\n\t<meta name=\"twitter:data1\" content=\"7 minutes\" \/>\n<script type=\"application\/ld+json\" class=\"yoast-schema-graph\">{\"@context\":\"https:\/\/schema.org\",\"@graph\":[{\"@type\":\"WebPage\",\"@id\":\"https:\/\/sportball.com\/fr\/politique-de-confidentialite\/\",\"url\":\"https:\/\/sportball.com\/fr\/politique-de-confidentialite\/\",\"name\":\"Politique de confidentialit\u00e9 - Sportball\",\"isPartOf\":{\"@id\":\"https:\/\/sportball.com\/fr\/#website\"},\"datePublished\":\"2023-10-26T15:49:18+00:00\",\"dateModified\":\"2024-09-25T17:42:16+00:00\",\"description\":\"D\u00e9couvrez comment Sportball Systems Inc. et ses franchis\u00e9s prot\u00e8gent vos renseignements personnels gr\u00e2ce \u00e0 sa politique de confidentialit\u00e9.\",\"breadcrumb\":{\"@id\":\"https:\/\/sportball.com\/fr\/politique-de-confidentialite\/#breadcrumb\"},\"inLanguage\":\"fr-FR\",\"potentialAction\":[{\"@type\":\"ReadAction\",\"target\":[\"https:\/\/sportball.com\/fr\/politique-de-confidentialite\/\"]}]},{\"@type\":\"BreadcrumbList\",\"@id\":\"https:\/\/sportball.com\/fr\/politique-de-confidentialite\/#breadcrumb\",\"itemListElement\":[{\"@type\":\"ListItem\",\"position\":1,\"name\":\"Home\",\"item\":\"https:\/\/sportball.com\/fr\/\"},{\"@type\":\"ListItem\",\"position\":2,\"name\":\"Politique de confidentialit\u00e9\"}]},{\"@type\":\"WebSite\",\"@id\":\"https:\/\/sportball.com\/fr\/#website\",\"url\":\"https:\/\/sportball.com\/fr\/\",\"name\":\"Sportball\",\"description\":\"Sport Starts Here\",\"publisher\":{\"@id\":\"https:\/\/sportball.com\/fr\/#organization\"},\"potentialAction\":[{\"@type\":\"SearchAction\",\"target\":{\"@type\":\"EntryPoint\",\"urlTemplate\":\"https:\/\/sportball.com\/fr\/?s={search_term_string}\"},\"query-input\":{\"@type\":\"PropertyValueSpecification\",\"valueRequired\":true,\"valueName\":\"search_term_string\"}}],\"inLanguage\":\"fr-FR\"},{\"@type\":\"Organization\",\"@id\":\"https:\/\/sportball.com\/fr\/#organization\",\"name\":\"Sportball\",\"url\":\"https:\/\/sportball.com\/fr\/\",\"logo\":{\"@type\":\"ImageObject\",\"inLanguage\":\"fr-FR\",\"@id\":\"https:\/\/sportball.com\/fr\/#\/schema\/logo\/image\/\",\"url\":\"https:\/\/sportball.com\/wp-content\/uploads\/2025\/01\/Sportball30_Wordmark_ENG.svg\",\"contentUrl\":\"https:\/\/sportball.com\/wp-content\/uploads\/2025\/01\/Sportball30_Wordmark_ENG.svg\",\"width\":839,\"height\":266,\"caption\":\"Sportball\"},\"image\":{\"@id\":\"https:\/\/sportball.com\/fr\/#\/schema\/logo\/image\/\"}}]}<\/script>\n<!-- \/ Yoast SEO Premium plugin. -->","yoast_head_json":{"title":"Politique de confidentialit\u00e9 - Sportball","description":"D\u00e9couvrez comment Sportball Systems Inc. et ses franchis\u00e9s prot\u00e8gent vos renseignements personnels gr\u00e2ce \u00e0 sa politique de confidentialit\u00e9.","robots":{"index":"index","follow":"follow","max-snippet":"max-snippet:-1","max-image-preview":"max-image-preview:large","max-video-preview":"max-video-preview:-1"},"canonical":"https:\/\/sportball.com\/fr\/politique-de-confidentialite\/","og_locale":"fr_FR","og_type":"article","og_title":"Politique de confidentialit\u00e9","og_description":"D\u00e9couvrez comment Sportball Systems Inc. et ses franchis\u00e9s prot\u00e8gent vos renseignements personnels gr\u00e2ce \u00e0 sa politique de confidentialit\u00e9.","og_url":"https:\/\/sportball.com\/fr\/politique-de-confidentialite\/","og_site_name":"Sportball","article_modified_time":"2024-09-25T17:42:16+00:00","twitter_card":"summary_large_image","twitter_misc":{"Dur\u00e9e de lecture estim\u00e9e":"7 minutes"},"schema":{"@context":"https:\/\/schema.org","@graph":[{"@type":"WebPage","@id":"https:\/\/sportball.com\/fr\/politique-de-confidentialite\/","url":"https:\/\/sportball.com\/fr\/politique-de-confidentialite\/","name":"Politique de confidentialit\u00e9 - Sportball","isPartOf":{"@id":"https:\/\/sportball.com\/fr\/#website"},"datePublished":"2023-10-26T15:49:18+00:00","dateModified":"2024-09-25T17:42:16+00:00","description":"D\u00e9couvrez comment Sportball Systems Inc. et ses franchis\u00e9s prot\u00e8gent vos renseignements personnels gr\u00e2ce \u00e0 sa politique de confidentialit\u00e9.","breadcrumb":{"@id":"https:\/\/sportball.com\/fr\/politique-de-confidentialite\/#breadcrumb"},"inLanguage":"fr-FR","potentialAction":[{"@type":"ReadAction","target":["https:\/\/sportball.com\/fr\/politique-de-confidentialite\/"]}]},{"@type":"BreadcrumbList","@id":"https:\/\/sportball.com\/fr\/politique-de-confidentialite\/#breadcrumb","itemListElement":[{"@type":"ListItem","position":1,"name":"Home","item":"https:\/\/sportball.com\/fr\/"},{"@type":"ListItem","position":2,"name":"Politique de confidentialit\u00e9"}]},{"@type":"WebSite","@id":"https:\/\/sportball.com\/fr\/#website","url":"https:\/\/sportball.com\/fr\/","name":"Sportball","description":"Sport Starts Here","publisher":{"@id":"https:\/\/sportball.com\/fr\/#organization"},"potentialAction":[{"@type":"SearchAction","target":{"@type":"EntryPoint","urlTemplate":"https:\/\/sportball.com\/fr\/?s={search_term_string}"},"query-input":{"@type":"PropertyValueSpecification","valueRequired":true,"valueName":"search_term_string"}}],"inLanguage":"fr-FR"},{"@type":"Organization","@id":"https:\/\/sportball.com\/fr\/#organization","name":"Sportball","url":"https:\/\/sportball.com\/fr\/","logo":{"@type":"ImageObject","inLanguage":"fr-FR","@id":"https:\/\/sportball.com\/fr\/#\/schema\/logo\/image\/","url":"https:\/\/sportball.com\/wp-content\/uploads\/2025\/01\/Sportball30_Wordmark_ENG.svg","contentUrl":"https:\/\/sportball.com\/wp-content\/uploads\/2025\/01\/Sportball30_Wordmark_ENG.svg","width":839,"height":266,"caption":"Sportball"},"image":{"@id":"https:\/\/sportball.com\/fr\/#\/schema\/logo\/image\/"}}]}},"_links":{"self":[{"href":"https:\/\/sportball.com\/fr\/wp-json\/wp\/v2\/pages\/5115","targetHints":{"allow":["GET"]}}],"collection":[{"href":"https:\/\/sportball.com\/fr\/wp-json\/wp\/v2\/pages"}],"about":[{"href":"https:\/\/sportball.com\/fr\/wp-json\/wp\/v2\/types\/page"}],"author":[{"embeddable":true,"href":"https:\/\/sportball.com\/fr\/wp-json\/wp\/v2\/users\/1"}],"replies":[{"embeddable":true,"href":"https:\/\/sportball.com\/fr\/wp-json\/wp\/v2\/comments?post=5115"}],"version-history":[{"count":4,"href":"https:\/\/sportball.com\/fr\/wp-json\/wp\/v2\/pages\/5115\/revisions"}],"predecessor-version":[{"id":9044,"href":"https:\/\/sportball.com\/fr\/wp-json\/wp\/v2\/pages\/5115\/revisions\/9044"}],"wp:attachment":[{"href":"https:\/\/sportball.com\/fr\/wp-json\/wp\/v2\/media?parent=5115"}],"curies":[{"name":"wp","href":"https:\/\/api.w.org\/{rel}","templated":true}]}}