{"id":9328,"date":"2024-06-12T14:36:02","date_gmt":"2024-06-12T14:36:02","guid":{"rendered":"https:\/\/sportball.com\/?page_id=9328"},"modified":"2024-09-25T17:31:41","modified_gmt":"2024-09-25T17:31:41","slug":"infolettre","status":"publish","type":"page","link":"https:\/\/sportball.com\/fr\/infolettre\/","title":{"rendered":"Inscrivez-vous \u00e0 notre infolettre"},"content":{"rendered":"\t\t<div data-elementor-type=\"wp-page\" data-elementor-id=\"9328\" class=\"elementor elementor-9328 elementor-9178\" data-elementor-post-type=\"page\">\n\t\t\t\t<div class=\"elementor-element elementor-element-67c1220 e-flex e-con-boxed e-con e-parent\" data-id=\"67c1220\" data-element_type=\"container\">\n\t\t\t\t\t<div class=\"e-con-inner\">\n\t\t\t\t<div class=\"elementor-element elementor-element-ee5e729 elementor-widget elementor-widget-heading\" data-id=\"ee5e729\" data-element_type=\"widget\" data-widget_type=\"heading.default\">\n\t\t\t\t<div class=\"elementor-widget-container\">\n\t\t\t\t\t<h1 class=\"elementor-heading-title elementor-size-default\">Inscrivez-vous \u00e0 notre infolettre<\/h1>\t\t\t\t<\/div>\n\t\t\t\t<\/div>\n\t\t\t\t<div class=\"elementor-element elementor-element-43039ca6 elementor-widget elementor-widget-text-editor\" data-id=\"43039ca6\" data-element_type=\"widget\" data-widget_type=\"text-editor.default\">\n\t\t\t\t<div class=\"elementor-widget-container\">\n\t\t\t\t\t\t\t\t\t<h3 style=\"text-align: center; color: #2d99cf;\">Restons en contact<\/h3>\n<p class=\"has-text-align-center\">Joignez-vous \u00e0 la communaut\u00e9 Sportball pour des rabais et promotions exclusifs, de l\u2019information utile sur le d\u00e9veloppement des enfants, des jeux \u00e0 essayer \u00e0 la maison et les derni\u00e8res nouvelles emballantes sur nos programmes. <\/p>\n\n<div class=\"forminator-guttenberg\"><div class=\"forminator-ui forminator-custom-form forminator-custom-form-9327 forminator-design--default  forminator_ajax\" data-forminator-render=\"0\" data-form=\"forminator-module-9327\" data-uid=\"69e162eb4376f\"><br\/><\/div><form\r\n\t\t\t\tid=\"forminator-module-9327\"\r\n\t\t\t\tclass=\"forminator-ui forminator-custom-form forminator-custom-form-9327 forminator-design--default  forminator_ajax\"\r\n\t\t\t\tmethod=\"post\"\r\n\t\t\t\tdata-forminator-render=\"0\"\r\n\t\t\t\tdata-form-id=\"9327\"\r\n\t\t\t\t\r\n\t\t\t\tdata-design=\"default\"\r\n\t\t\t\tdata-color-option=\"default\"\r\n\t\t\t\t\r\n\t\t\t\t\r\n\t\t\t\t\r\n\t\t\t\tdata-grid=\"open\"\r\n\t\t\t\t\r\n\t\t\t\t\r\n\t\t\t\tstyle=\"display: none;\"\r\n\t\t\t\t\r\n\t\t\t\tdata-uid=\"69e162eb4376f\"\r\n\t\t\t><div role=\"alert\" aria-live=\"polite\" class=\"forminator-response-message forminator-error\" aria-hidden=\"true\"><\/div><div class=\"forminator-row\"><div id=\"select-1\" class=\"forminator-field-select forminator-col forminator-col-12 \"><div class=\"forminator-field\"><select  id=\"forminator-form-9327__field--select-1_69e162eb4376f\" class=\"forminator-select--field forminator-select2 forminator-select2-multiple\" data-required=\"1\" name=\"select-1\" data-default-value=\"\" data-hidden-behavior=\"zero\" data-placeholder=\"Endroit\" data-search=\"false\" data-search-placeholder=\"Endroit\" data-checkbox=\"false\" data-allow-clear=\"false\" aria-labelledby=\"forminator-form-9327__field--select-1_69e162eb4376f-label\"><option value=\"\"  >Endroit<\/option><option value=\"--------- Canada --------\"  data-calculation=\"0\">&#8212;&#8212;&#8212; Canada &#8212;&#8212;&#8211;<\/option><option value=\"outaouais@sportball.com\"  data-calculation=\"0\">Gatineau<\/option><option value=\"adminoutaouais@sportball.ca\"  data-calculation=\"0\">Outaouais &amp; Temiscamingue<\/option><option value=\"villedequebec@sportball.ca\"  data-calculation=\"0\">Quebec City<\/option><option value=\"rivenord@sportball.ca\"  data-calculation=\"0\">Rive-Nord (Laval, Laurentides &amp; Lanaudiere)<\/option><option value=\"rivenord@sportball.com\"  data-calculation=\"0\">Laval, Laurentides, Lanaudi\u00e8re<\/option><option value=\"calgary@sportball.com\"  data-calculation=\"0\">Calgary<\/option><option value=\"edmonton@sportball.com\"  data-calculation=\"0\">Edmonton<\/option><option value=\"gta@sportball.com\"  data-calculation=\"0\">Greater Toronto Area<\/option><option value=\"registration@sportball.ca\"  data-calculation=\"0\">Halton Region<\/option><option value=\"jakew@sportball.ca\"  data-calculation=\"0\">Hamilton<\/option><option value=\"kamloops@sportball.com\"  data-calculation=\"0\">Kamloops<\/option><option value=\"montreal@sportball.com\"  data-calculation=\"0\">Kirkland<\/option><option value=\"kwc@sportball.ca\"  data-calculation=\"0\">Kitchener-Waterloo &amp; Cambridge<\/option><option value=\"lethbridge@sportball.com\"  data-calculation=\"0\">Lethbridge<\/option><option value=\"tysonz@sportball.ca 0\"  data-calculation=\"0\">Medicine Hat<\/option><option value=\"adminqc@sportball.ca\"  data-calculation=\"0\">Montreal<\/option><option value=\"niagara@sportball.ca\"  data-calculation=\"0\">Niagara<\/option><option value=\"kelowna@sportball.ca\"  data-calculation=\"0\">Okanagan<\/option><option value=\"ottawa@sportball.ca\"  data-calculation=\"0\">Ottawa<\/option><option value=\"southsk@sportball.com\"  data-calculation=\"0\">Regina<\/option><option value=\"vi@sportball.ca\"  data-calculation=\"0\">Nanaimo &amp; North Island<\/option><option value=\"newfoundland@sportball.ca\"  data-calculation=\"0\">Newfoundland<\/option><option value=\"ryanm@sportball.ca\"  data-calculation=\"0\">North Saskatchewan<\/option><option value=\"scottr@sportball.ca\"  data-calculation=\"0\">Nova Scotia<\/option><option value=\"tinak@sportball.ca\"  data-calculation=\"0\">South Saskatchewan<\/option><option value=\"northsk@sportball.com\"  data-calculation=\"0\">Saskatoon<\/option><option value=\"edmonton@sportball.com\"  data-calculation=\"0\">Sherwood Park<\/option><option value=\"vancouver@sportball.com\"  data-calculation=\"0\">Surrey<\/option><option value=\"gta@sportball.com\"  data-calculation=\"0\">Toronto<\/option><option value=\"vancouver@sportball.ca\"  data-calculation=\"0\">Vancouver<\/option><option value=\"vi@sportball.ca\"  data-calculation=\"0\">Victoria &amp; South Island<\/option><option value=\"winnipeg@sportball.com\"  data-calculation=\"0\">Winnipeg<\/option><option value=\"--------- USA --------\"  data-calculation=\"0\">&#8212;&#8212;&#8212; USA &#8212;&#8212;&#8211;<\/option><option value=\"austin@sportball.com\"  data-calculation=\"0\">Austin<\/option><option value=\"bostonsouth@sportball.com\"  data-calculation=\"0\">Boston<\/option><option value=\"brooklyn@sportball.com\"  data-calculation=\"0\">Brooklyn<\/option><option value=\"phoenix@sportball.com\"  data-calculation=\"0\">Gilbert<\/option><option value=\"northhouston@sportball.com\"  data-calculation=\"0\">Humble<\/option><option value=\"katy@sportball.com\"  data-calculation=\"0\">Katy \/ Sugarland<\/option><option value=\"northhouston@sportball.us\"  data-calculation=\"0\">North Houston<\/option><option value=\"sanantonioeast@sportball.com\"  data-calculation=\"0\">San Antonio East<\/option><option value=\"southbay@sportball.com\"  data-calculation=\"0\">Southern California<\/option><option value=\"--------- Singapore --------\"  data-calculation=\"0\">&#8212;&#8212;&#8212; Singapore &#8212;&#8212;&#8211;<\/option><option value=\"nick@sportball.com.sg\"  data-calculation=\"0\">Singapore<\/option><option value=\"marketing@sportball.com\"  data-calculation=\"0\">&#8212;&#8212;&#8212; Autre &#8212;&#8212;&#8211;<\/option><\/select><\/div><\/div><\/div><div class=\"forminator-row\"><div id=\"text-1\" class=\"forminator-field-text forminator-col forminator-col-12 \"><div class=\"forminator-field\"><input type=\"text\" name=\"text-1\" value=\"\" placeholder=\"Autre R\u00e9gion\" id=\"forminator-field-text-1_69e162eb4376f\" class=\"forminator-input forminator-name--field\" data-required=\"\" \/><\/div><\/div><\/div><div class=\"forminator-row\"><div id=\"email-1\" class=\"forminator-field-email forminator-col forminator-col-12 \"><div class=\"forminator-field\"><input type=\"email\" name=\"email-1\" value=\"\" placeholder=\"Courriel\" id=\"forminator-field-email-1_69e162eb4376f\" class=\"forminator-input forminator-email--field\" data-required=\"true\" aria-required=\"true\" \/><\/div><\/div><\/div><div class=\"forminator-row\"><div id=\"checkbox-1\" class=\"forminator-field-checkbox forminator-col forminator-col-12 \"><div role=\"group\" class=\"forminator-field\" aria-labelledby=\"forminator-checkbox-group-forminator-field-checkbox-1-69e162eb4376f-label\"><span id=\"forminator-checkbox-group-forminator-field-checkbox-1-69e162eb4376f-label\" class=\"forminator-label\">\u00c2ge des enfants<\/span><label id=\"forminator-field-checkbox-1-1-69e162eb4376f-label\" for=\"forminator-field-checkbox-1-1-69e162eb4376f\" class=\"forminator-checkbox forminator-checkbox-inline\" title=\"&lt;2 ans\"><input type=\"checkbox\" name=\"checkbox-1[]\" value=\"one\" id=\"forminator-field-checkbox-1-1-69e162eb4376f\" aria-labelledby=\"forminator-field-checkbox-1-1-69e162eb4376f-label\" data-calculation=\"0\"   data-hidden-behavior=\"zero\"\/><span class=\"forminator-checkbox-box\" aria-hidden=\"true\"><\/span><span class=\"forminator-checkbox-label\">&lt;2 ans<\/span><\/label><label id=\"forminator-field-checkbox-1-2-69e162eb4376f-label\" for=\"forminator-field-checkbox-1-2-69e162eb4376f\" class=\"forminator-checkbox forminator-checkbox-inline\" title=\"2-3 ans\"><input type=\"checkbox\" name=\"checkbox-1[]\" value=\"two\" id=\"forminator-field-checkbox-1-2-69e162eb4376f\" aria-labelledby=\"forminator-field-checkbox-1-2-69e162eb4376f-label\" data-calculation=\"0\"   data-hidden-behavior=\"zero\"\/><span class=\"forminator-checkbox-box\" aria-hidden=\"true\"><\/span><span class=\"forminator-checkbox-label\">2-3 ans<\/span><\/label><label id=\"forminator-field-checkbox-1-3-69e162eb4376f-label\" for=\"forminator-field-checkbox-1-3-69e162eb4376f\" class=\"forminator-checkbox forminator-checkbox-inline\" title=\"3-5 ans\"><input type=\"checkbox\" name=\"checkbox-1[]\" value=\"3-5-yrs\" id=\"forminator-field-checkbox-1-3-69e162eb4376f\" aria-labelledby=\"forminator-field-checkbox-1-3-69e162eb4376f-label\" data-calculation=\"0\"   data-hidden-behavior=\"zero\"\/><span class=\"forminator-checkbox-box\" aria-hidden=\"true\"><\/span><span class=\"forminator-checkbox-label\">3-5 ans<\/span><\/label><label id=\"forminator-field-checkbox-1-4-69e162eb4376f-label\" for=\"forminator-field-checkbox-1-4-69e162eb4376f\" class=\"forminator-checkbox forminator-checkbox-inline\" title=\"6-8 ans\"><input type=\"checkbox\" name=\"checkbox-1[]\" value=\"6-8-yrs\" id=\"forminator-field-checkbox-1-4-69e162eb4376f\" aria-labelledby=\"forminator-field-checkbox-1-4-69e162eb4376f-label\" data-calculation=\"0\"   data-hidden-behavior=\"zero\"\/><span class=\"forminator-checkbox-box\" aria-hidden=\"true\"><\/span><span class=\"forminator-checkbox-label\">6-8 ans<\/span><\/label><label id=\"forminator-field-checkbox-1-5-69e162eb4376f-label\" for=\"forminator-field-checkbox-1-5-69e162eb4376f\" class=\"forminator-checkbox forminator-checkbox-inline\" title=\"9+ ans\"><input type=\"checkbox\" name=\"checkbox-1[]\" value=\"9+-yrs\" id=\"forminator-field-checkbox-1-5-69e162eb4376f\" aria-labelledby=\"forminator-field-checkbox-1-5-69e162eb4376f-label\" data-calculation=\"0\"   data-hidden-behavior=\"zero\"\/><span class=\"forminator-checkbox-box\" aria-hidden=\"true\"><\/span><span class=\"forminator-checkbox-label\">9+ ans<\/span><\/label><\/div><\/div><\/div><input type=\"hidden\" name=\"referer_url\" value=\"\" \/><div class=\"forminator-row forminator-row-last\"><div class=\"forminator-col\"><div class=\"forminator-field\"><button class=\"forminator-button forminator-button-submit\">Inscription<\/button><\/div><\/div><\/div><input type=\"hidden\" id=\"forminator_nonce\" name=\"forminator_nonce\" value=\"7559504864\" \/><input type=\"hidden\" name=\"_wp_http_referer\" value=\"\/fr\/wp-json\/wp\/v2\/pages\/9328\" \/><input type=\"hidden\" name=\"form_id\" value=\"9327\"><input type=\"hidden\" name=\"page_id\" value=\"9328\"><input type=\"hidden\" name=\"form_type\" value=\"default\"><input type=\"hidden\" name=\"current_url\" value=\"https:\/\/sportball.com\/fr\/infolettre\/\"><input type=\"hidden\" name=\"render_id\" value=\"0\"><input type=\"hidden\" name=\"action\" value=\"forminator_submit_form_custom-forms\"><label for=\"input_5\" class=\"forminator-hidden\" aria-hidden=\"true\">Veuillez ne pas remplir ce champ. <input id=\"input_5\" type=\"text\" name=\"input_5\" value=\"\" autocomplete=\"off\"><\/label><\/form><\/div>\t\t\t\t\t\t\t\t<\/div>\n\t\t\t\t<\/div>\n\t\t\t\t\t<\/div>\n\t\t\t\t<\/div>\n\t\t\t\t<\/div>\n\t\t","protected":false},"excerpt":{"rendered":"<p>Inscrivez-vous \u00e0 notre infolettre Restons en contact Joignez-vous \u00e0 la communaut\u00e9 Sportball pour des rabais et promotions exclusifs, de l\u2019information utile sur le d\u00e9veloppement des enfants, des jeux \u00e0 essayer \u00e0 la maison et les derni\u00e8res nouvelles emballantes sur nos programmes.<\/p>\n","protected":false},"author":1,"featured_media":0,"parent":0,"menu_order":0,"comment_status":"closed","ping_status":"closed","template":"","meta":{"_acf_changed":false,"site-sidebar-layout":"default","site-content-layout":"","ast-site-content-layout":"default","site-content-style":"default","site-sidebar-style":"default","ast-global-header-display":"","ast-banner-title-visibility":"","ast-main-header-display":"","ast-hfb-above-header-display":"","ast-hfb-below-header-display":"","ast-hfb-mobile-header-display":"","site-post-title":"","ast-breadcrumbs-content":"","ast-featured-img":"","footer-sml-layout":"","theme-transparent-header-meta":"","adv-header-id-meta":"","stick-header-meta":"","header-above-stick-meta":"","header-main-stick-meta":"","header-below-stick-meta":"","astra-migrate-meta-layouts":"default","ast-page-background-enabled":"default","ast-page-background-meta":{"desktop":{"background-color":"var(--ast-global-color-4)","background-image":"","background-repeat":"repeat","background-position":"center center","background-size":"auto","background-attachment":"scroll","background-type":"","background-media":"","overlay-type":"","overlay-color":"","overlay-opacity":"","overlay-gradient":""},"tablet":{"background-color":"","background-image":"","background-repeat":"repeat","background-position":"center center","background-size":"auto","background-attachment":"scroll","background-type":"","background-media":"","overlay-type":"","overlay-color":"","overlay-opacity":"","overlay-gradient":""},"mobile":{"background-color":"","background-image":"","background-repeat":"repeat","background-position":"center center","background-size":"auto","background-attachment":"scroll","background-type":"","background-media":"","overlay-type":"","overlay-color":"","overlay-opacity":"","overlay-gradient":""}},"ast-content-background-meta":{"desktop":{"background-color":"var(--ast-global-color-5)","background-image":"","background-repeat":"repeat","background-position":"center center","background-size":"auto","background-attachment":"scroll","background-type":"","background-media":"","overlay-type":"","overlay-color":"","overlay-opacity":"","overlay-gradient":""},"tablet":{"background-color":"var(--ast-global-color-5)","background-image":"","background-repeat":"repeat","background-position":"center center","background-size":"auto","background-attachment":"scroll","background-type":"","background-media":"","overlay-type":"","overlay-color":"","overlay-opacity":"","overlay-gradient":""},"mobile":{"background-color":"var(--ast-global-color-5)","background-image":"","background-repeat":"repeat","background-position":"center center","background-size":"auto","background-attachment":"scroll","background-type":"","background-media":"","overlay-type":"","overlay-color":"","overlay-opacity":"","overlay-gradient":""}},"footnotes":""},"class_list":["post-9328","page","type-page","status-publish","hentry"],"acf":[],"yoast_head":"<!-- This site is optimized with the Yoast SEO Premium plugin v26.0 (Yoast SEO v26.0) - https:\/\/yoast.com\/wordpress\/plugins\/seo\/ -->\n<title>Inscrivez-vous \u00e0 Notre Infolettre - Sportball<\/title>\n<meta name=\"description\" content=\"Restez en contact avec Sportball et soyez parmi les premiers \u00e0 conna\u00eetre les rabais exclusifs, les activit\u00e9s sportives, les mises \u00e0 jour et plus encore!\" \/>\n<meta name=\"robots\" content=\"index, follow, max-snippet:-1, max-image-preview:large, max-video-preview:-1\" \/>\n<link rel=\"canonical\" href=\"https:\/\/sportball.com\/fr\/infolettre\/\" \/>\n<meta property=\"og:locale\" content=\"fr_FR\" \/>\n<meta property=\"og:type\" content=\"article\" \/>\n<meta property=\"og:title\" content=\"Inscrivez-vous \u00e0 notre infolettre\" \/>\n<meta property=\"og:description\" content=\"Restez en contact avec Sportball et soyez parmi les premiers \u00e0 conna\u00eetre les rabais exclusifs, les activit\u00e9s sportives, les mises \u00e0 jour et plus encore!\" \/>\n<meta property=\"og:url\" content=\"https:\/\/sportball.com\/fr\/infolettre\/\" \/>\n<meta property=\"og:site_name\" content=\"Sportball\" \/>\n<meta property=\"article:modified_time\" content=\"2024-09-25T17:31:41+00:00\" \/>\n<meta name=\"twitter:card\" content=\"summary_large_image\" \/>\n<meta name=\"twitter:label1\" content=\"Dur\u00e9e de lecture estim\u00e9e\" \/>\n\t<meta name=\"twitter:data1\" content=\"1 minute\" \/>\n<script type=\"application\/ld+json\" class=\"yoast-schema-graph\">{\"@context\":\"https:\/\/schema.org\",\"@graph\":[{\"@type\":\"WebPage\",\"@id\":\"https:\/\/sportball.com\/fr\/infolettre\/\",\"url\":\"https:\/\/sportball.com\/fr\/infolettre\/\",\"name\":\"Inscrivez-vous \u00e0 Notre Infolettre - Sportball\",\"isPartOf\":{\"@id\":\"https:\/\/sportball.com\/fr\/#website\"},\"datePublished\":\"2024-06-12T14:36:02+00:00\",\"dateModified\":\"2024-09-25T17:31:41+00:00\",\"description\":\"Restez en contact avec Sportball et soyez parmi les premiers \u00e0 conna\u00eetre les rabais exclusifs, les activit\u00e9s sportives, les mises \u00e0 jour et plus encore!\",\"breadcrumb\":{\"@id\":\"https:\/\/sportball.com\/fr\/infolettre\/#breadcrumb\"},\"inLanguage\":\"fr-FR\",\"potentialAction\":[{\"@type\":\"ReadAction\",\"target\":[\"https:\/\/sportball.com\/fr\/infolettre\/\"]}]},{\"@type\":\"BreadcrumbList\",\"@id\":\"https:\/\/sportball.com\/fr\/infolettre\/#breadcrumb\",\"itemListElement\":[{\"@type\":\"ListItem\",\"position\":1,\"name\":\"Home\",\"item\":\"https:\/\/sportball.com\/fr\/\"},{\"@type\":\"ListItem\",\"position\":2,\"name\":\"Inscrivez-vous \u00e0 notre infolettre\"}]},{\"@type\":\"WebSite\",\"@id\":\"https:\/\/sportball.com\/fr\/#website\",\"url\":\"https:\/\/sportball.com\/fr\/\",\"name\":\"Sportball\",\"description\":\"Sport Starts Here\",\"publisher\":{\"@id\":\"https:\/\/sportball.com\/fr\/#organization\"},\"potentialAction\":[{\"@type\":\"SearchAction\",\"target\":{\"@type\":\"EntryPoint\",\"urlTemplate\":\"https:\/\/sportball.com\/fr\/?s={search_term_string}\"},\"query-input\":{\"@type\":\"PropertyValueSpecification\",\"valueRequired\":true,\"valueName\":\"search_term_string\"}}],\"inLanguage\":\"fr-FR\"},{\"@type\":\"Organization\",\"@id\":\"https:\/\/sportball.com\/fr\/#organization\",\"name\":\"Sportball\",\"url\":\"https:\/\/sportball.com\/fr\/\",\"logo\":{\"@type\":\"ImageObject\",\"inLanguage\":\"fr-FR\",\"@id\":\"https:\/\/sportball.com\/fr\/#\/schema\/logo\/image\/\",\"url\":\"https:\/\/sportball.com\/wp-content\/uploads\/2025\/01\/Sportball30_Wordmark_ENG.svg\",\"contentUrl\":\"https:\/\/sportball.com\/wp-content\/uploads\/2025\/01\/Sportball30_Wordmark_ENG.svg\",\"width\":839,\"height\":266,\"caption\":\"Sportball\"},\"image\":{\"@id\":\"https:\/\/sportball.com\/fr\/#\/schema\/logo\/image\/\"}}]}<\/script>\n<!-- \/ Yoast SEO Premium plugin. -->","yoast_head_json":{"title":"Inscrivez-vous \u00e0 Notre Infolettre - Sportball","description":"Restez en contact avec Sportball et soyez parmi les premiers \u00e0 conna\u00eetre les rabais exclusifs, les activit\u00e9s sportives, les mises \u00e0 jour et plus encore!","robots":{"index":"index","follow":"follow","max-snippet":"max-snippet:-1","max-image-preview":"max-image-preview:large","max-video-preview":"max-video-preview:-1"},"canonical":"https:\/\/sportball.com\/fr\/infolettre\/","og_locale":"fr_FR","og_type":"article","og_title":"Inscrivez-vous \u00e0 notre infolettre","og_description":"Restez en contact avec Sportball et soyez parmi les premiers \u00e0 conna\u00eetre les rabais exclusifs, les activit\u00e9s sportives, les mises \u00e0 jour et plus encore!","og_url":"https:\/\/sportball.com\/fr\/infolettre\/","og_site_name":"Sportball","article_modified_time":"2024-09-25T17:31:41+00:00","twitter_card":"summary_large_image","twitter_misc":{"Dur\u00e9e de lecture estim\u00e9e":"1 minute"},"schema":{"@context":"https:\/\/schema.org","@graph":[{"@type":"WebPage","@id":"https:\/\/sportball.com\/fr\/infolettre\/","url":"https:\/\/sportball.com\/fr\/infolettre\/","name":"Inscrivez-vous \u00e0 Notre Infolettre - Sportball","isPartOf":{"@id":"https:\/\/sportball.com\/fr\/#website"},"datePublished":"2024-06-12T14:36:02+00:00","dateModified":"2024-09-25T17:31:41+00:00","description":"Restez en contact avec Sportball et soyez parmi les premiers \u00e0 conna\u00eetre les rabais exclusifs, les activit\u00e9s sportives, les mises \u00e0 jour et plus encore!","breadcrumb":{"@id":"https:\/\/sportball.com\/fr\/infolettre\/#breadcrumb"},"inLanguage":"fr-FR","potentialAction":[{"@type":"ReadAction","target":["https:\/\/sportball.com\/fr\/infolettre\/"]}]},{"@type":"BreadcrumbList","@id":"https:\/\/sportball.com\/fr\/infolettre\/#breadcrumb","itemListElement":[{"@type":"ListItem","position":1,"name":"Home","item":"https:\/\/sportball.com\/fr\/"},{"@type":"ListItem","position":2,"name":"Inscrivez-vous \u00e0 notre infolettre"}]},{"@type":"WebSite","@id":"https:\/\/sportball.com\/fr\/#website","url":"https:\/\/sportball.com\/fr\/","name":"Sportball","description":"Sport Starts Here","publisher":{"@id":"https:\/\/sportball.com\/fr\/#organization"},"potentialAction":[{"@type":"SearchAction","target":{"@type":"EntryPoint","urlTemplate":"https:\/\/sportball.com\/fr\/?s={search_term_string}"},"query-input":{"@type":"PropertyValueSpecification","valueRequired":true,"valueName":"search_term_string"}}],"inLanguage":"fr-FR"},{"@type":"Organization","@id":"https:\/\/sportball.com\/fr\/#organization","name":"Sportball","url":"https:\/\/sportball.com\/fr\/","logo":{"@type":"ImageObject","inLanguage":"fr-FR","@id":"https:\/\/sportball.com\/fr\/#\/schema\/logo\/image\/","url":"https:\/\/sportball.com\/wp-content\/uploads\/2025\/01\/Sportball30_Wordmark_ENG.svg","contentUrl":"https:\/\/sportball.com\/wp-content\/uploads\/2025\/01\/Sportball30_Wordmark_ENG.svg","width":839,"height":266,"caption":"Sportball"},"image":{"@id":"https:\/\/sportball.com\/fr\/#\/schema\/logo\/image\/"}}]}},"_links":{"self":[{"href":"https:\/\/sportball.com\/fr\/wp-json\/wp\/v2\/pages\/9328","targetHints":{"allow":["GET"]}}],"collection":[{"href":"https:\/\/sportball.com\/fr\/wp-json\/wp\/v2\/pages"}],"about":[{"href":"https:\/\/sportball.com\/fr\/wp-json\/wp\/v2\/types\/page"}],"author":[{"embeddable":true,"href":"https:\/\/sportball.com\/fr\/wp-json\/wp\/v2\/users\/1"}],"replies":[{"embeddable":true,"href":"https:\/\/sportball.com\/fr\/wp-json\/wp\/v2\/comments?post=9328"}],"version-history":[{"count":12,"href":"https:\/\/sportball.com\/fr\/wp-json\/wp\/v2\/pages\/9328\/revisions"}],"predecessor-version":[{"id":9769,"href":"https:\/\/sportball.com\/fr\/wp-json\/wp\/v2\/pages\/9328\/revisions\/9769"}],"wp:attachment":[{"href":"https:\/\/sportball.com\/fr\/wp-json\/wp\/v2\/media?parent=9328"}],"curies":[{"name":"wp","href":"https:\/\/api.w.org\/{rel}","templated":true}]}}